{"id":4066,"date":"2025-07-11T09:20:46","date_gmt":"2025-07-11T07:20:46","guid":{"rendered":"https:\/\/www.usbeck.eu\/neuheiten\/"},"modified":"2025-07-29T15:55:11","modified_gmt":"2025-07-29T13:55:11","slug":"neuheiten","status":"publish","type":"page","link":"https:\/\/www.usbeck.eu\/fr\/neuheiten\/","title":{"rendered":"Les nouveaut\u00e9s de USBECK"},"content":{"rendered":"\n<h4 class=\"wp-block-heading\">D\u00e9couvrez nos derni\u00e8res nouveaut\u00e9s : cinq produits innovants issus de notre propre fabrication, alliant design, fonctionnalit\u00e9 et qualit\u00e9.<\/h4>\n\n\n\n<div class=\"wp-block-columns is-layout-flex wp-container-core-columns-is-layout-9d6595d7 wp-block-columns-is-layout-flex\">\n<div class=\"wp-block-column is-vertically-aligned-center is-layout-flow wp-block-column-is-layout-flow\" style=\"flex-basis:33.33%\">\n<figure class=\"wp-block-image size-full\"><img loading=\"lazy\" decoding=\"async\" width=\"700\" height=\"910\" src=\"https:\/\/www.usbeck.eu\/wp-content\/uploads\/2450_hand1.jpg\" alt=\"\" class=\"wp-image-3955\" srcset=\"https:\/\/www.usbeck.eu\/wp-content\/uploads\/2450_hand1.jpg 700w, https:\/\/www.usbeck.eu\/wp-content\/uploads\/2450_hand1-385x500.jpg 385w\" sizes=\"auto, (max-width: 700px) 100vw, 700px\" \/><\/figure>\n<\/div>\n\n\n\n<div class=\"wp-block-column is-layout-flow wp-block-column-is-layout-flow\" style=\"flex-basis:66.66%\">\n<h3 class=\"wp-block-heading has-blue-color has-text-color has-link-color wp-elements-9f65e381109ad0fc869f79457dd4f4b1\"><strong>Noix \u00e0 une main &#8211; EasySlide<\/strong><\/h3>\n\n\n\n<p>La nouvelle noix double EasySlide de USBECK r\u00e9volutionne le montage des tr\u00e9pieds en laboratoire : gr\u00e2ce \u00e0 son roulement \u00e0 billes int\u00e9gr\u00e9, la noix glisse particuli\u00e8rement facilement sur la tige du tr\u00e9pied \u2013 m\u00eame lors de r\u00e9glages fins.<\/p>\n\n\n\n<p>La conception innovante permet une manipulation rapide, confortable et s\u00fbre \u00e0 une seule main, rendant le r\u00e9glage en hauteur du tr\u00e9pied nettement plus efficace et ergonomique. \u00a0<\/p>\n\n\n\n<p>Les grandes vis molet\u00e9es en aluminium, faciles \u00e0 saisir, se serrent fermement sans outil et assurent une fixation durable et fiable \u2013 m\u00eame en cas d\u2019utilisation intensive.<\/p>\n\n\n\n<div class=\"wp-block-buttons is-layout-flex wp-block-buttons-is-layout-flex\">\n<div class=\"wp-block-button\"><a class=\"wp-block-button__link wp-element-button\" href=\"https:\/\/www.usbeck.eu\/fr\/products\/easyslide-noix-de-serrage-a-une-main\/\"><em>En savoir plus sur EasySlide<\/em><\/a><\/div>\n<\/div>\n<\/div>\n<\/div>\n\n\n\n<hr class=\"wp-block-separator has-alpha-channel-opacity\"\/>\n\n\n\n<div class=\"wp-block-columns is-layout-flex wp-container-core-columns-is-layout-9d6595d7 wp-block-columns-is-layout-flex\">\n<div class=\"wp-block-column is-vertically-aligned-center is-layout-flow wp-block-column-is-layout-flow\" style=\"flex-basis:33.33%\">\n<figure class=\"wp-block-image size-full\"><img loading=\"lazy\" decoding=\"async\" width=\"700\" height=\"904\" src=\"https:\/\/www.usbeck.eu\/wp-content\/uploads\/2385_hand_inbuss-2.jpg\" alt=\"\" class=\"wp-image-4115\" srcset=\"https:\/\/www.usbeck.eu\/wp-content\/uploads\/2385_hand_inbuss-2.jpg 700w, https:\/\/www.usbeck.eu\/wp-content\/uploads\/2385_hand_inbuss-2-387x500.jpg 387w\" sizes=\"auto, (max-width: 700px) 100vw, 700px\" \/><\/figure>\n\n\n\n<p><\/p>\n<\/div>\n\n\n\n<div class=\"wp-block-column is-layout-flow wp-block-column-is-layout-flow\" style=\"flex-basis:66.66%\">\n<h3 class=\"wp-block-heading has-blue-color has-text-color has-link-color wp-elements-7305ebaca7b0ea372775fd5580ebe95e\"><strong>Noix double MicroFix<\/strong><br><strong>Disponible en aluminium et en acier inoxydable<\/strong>h<\/h3>\n\n\n\n<p>Notre nouvelle noix double MicroFix est une solution de connexion particuli\u00e8rement compacte et stable pour fixer deux tiges jusqu\u2019\u00e0 13 mm de diam\u00e8tre. Id\u00e9ale pour les espaces restreints, par exemple sous les hottes de laboratoire ou comme compl\u00e9ment dans des cadres existants.<\/p>\n\n\n\n<p>Les vis molet\u00e9es conviviales permettent une fixation fiable \u00e0 la main ou, en cas de besoin accru de s\u00e9curit\u00e9, \u00e0 l\u2019aide d\u2019une cl\u00e9 Allen via l\u2019empreinte hexagonale situ\u00e9e dans la t\u00eate de vis.<\/p>\n\n\n\n<p>En alternative aux vis molet\u00e9es, MicroFix est \u00e9galement disponible avec des vis \u00e0 filetage.<\/p>\n\n\n\n<div class=\"wp-block-buttons is-layout-flex wp-block-buttons-is-layout-flex\">\n<div class=\"wp-block-button\"><a class=\"wp-block-button__link wp-element-button\" href=\"https:\/\/www.usbeck.eu\/fr\/products\/microfix-noix-de-serrage-en-aluminium\/\"><em>En savoir plus sur MicroFix Alu<\/em><\/a><\/div>\n<\/div>\n\n\n\n<div class=\"wp-block-buttons is-layout-flex wp-block-buttons-is-layout-flex\">\n<div class=\"wp-block-button\"><a class=\"wp-block-button__link wp-element-button\" href=\"https:\/\/www.usbeck.eu\/fr\/products\/microfix-noix-de-serrage-en-acier-inox\/\"><em>En savoir plus sur MicroFix Inox<\/em><\/a><\/div>\n<\/div>\n<\/div>\n<\/div>\n\n\n\n<hr class=\"wp-block-separator has-alpha-channel-opacity\"\/>\n\n\n\n<div class=\"wp-block-columns is-layout-flex wp-container-core-columns-is-layout-9d6595d7 wp-block-columns-is-layout-flex\">\n<div class=\"wp-block-column is-vertically-aligned-center is-layout-flow wp-block-column-is-layout-flow\" style=\"flex-basis:33.33%\">\n<figure class=\"wp-block-image size-full\"><img loading=\"lazy\" decoding=\"async\" width=\"900\" height=\"700\" src=\"https:\/\/www.usbeck.eu\/wp-content\/uploads\/2408-1.jpg\" alt=\"\" class=\"wp-image-4078\" srcset=\"https:\/\/www.usbeck.eu\/wp-content\/uploads\/2408-1.jpg 900w, https:\/\/www.usbeck.eu\/wp-content\/uploads\/2408-1-500x389.jpg 500w, https:\/\/www.usbeck.eu\/wp-content\/uploads\/2408-1-768x597.jpg 768w\" sizes=\"auto, (max-width: 900px) 100vw, 900px\" \/><\/figure>\n<\/div>\n\n\n\n<div class=\"wp-block-column is-layout-flow wp-block-column-is-layout-flow\" style=\"flex-basis:66.66%\">\n<h3 class=\"wp-block-heading has-blue-color has-text-color has-link-color wp-elements-ecf9872be216affc0b5c68351ff44efc\"><strong>Noix double Alu-Maxi<\/strong><\/h3>\n\n\n\n<p>La nouvelle noix double Alu-Maxi en aluminium \u00e9largit la gamme USBECK avec une solution pour tiges de tr\u00e9pied de diam\u00e8tre sup\u00e9rieur \u00e0 la moyenne.<\/p>\n\n\n\n<p>Alu-Maxi permet de fixer des tiges jusqu\u2019\u00e0 \u00d8 19 mm d\u2019un c\u00f4t\u00e9 et jusqu\u2019\u00e0 \u00d8 24 mm de l\u2019autre c\u00f4t\u00e9.<\/p>\n\n\n\n<div class=\"wp-block-buttons is-layout-flex wp-block-buttons-is-layout-flex\">\n<div class=\"wp-block-button\"><a class=\"wp-block-button__link wp-element-button\" href=\"http:\/\/www.usbeck.eu\/products\/doppelmuffe-alu-maxi\/\"><em>En savoir plus sur-Alu Maxi<\/em><\/a><\/div>\n<\/div>\n<\/div>\n<\/div>\n\n\n\n<hr class=\"wp-block-separator has-alpha-channel-opacity\"\/>\n\n\n\n<div class=\"wp-block-columns are-vertically-aligned-center is-layout-flex wp-container-core-columns-is-layout-9d6595d7 wp-block-columns-is-layout-flex\">\n<div class=\"wp-block-column is-vertically-aligned-center is-layout-flow wp-block-column-is-layout-flow\" style=\"flex-basis:33.33%\">\n<figure class=\"wp-block-image size-full\"><img loading=\"lazy\" decoding=\"async\" width=\"700\" height=\"900\" src=\"https:\/\/www.usbeck.eu\/wp-content\/uploads\/2008_stab.jpg\" alt=\"\" class=\"wp-image-4101\" srcset=\"https:\/\/www.usbeck.eu\/wp-content\/uploads\/2008_stab.jpg 700w, https:\/\/www.usbeck.eu\/wp-content\/uploads\/2008_stab-389x500.jpg 389w\" sizes=\"auto, (max-width: 700px) 100vw, 700px\" \/><\/figure>\n<\/div>\n\n\n\n<div class=\"wp-block-column is-vertically-aligned-center is-layout-flow wp-block-column-is-layout-flow\" style=\"flex-basis:66.66%\">\n<h3 class=\"wp-block-heading has-blue-color has-text-color has-link-color wp-elements-0fd52032cc4250da84c515ea5ca95028\"><strong>Plaque de tr\u00e9pied avec bride et fente<\/strong><\/h3>\n\n\n\n<p>Notre nouvelle plaque de tr\u00e9pied avec bride offre une base stable pour des syst\u00e8mes de montage polyvalents. La prise int\u00e9gr\u00e9e pour tige comporte une fente permettant le serrage de plaques et assurant une fixation s\u00e9curis\u00e9e des tiges.<\/p>\n\n\n\n<div class=\"wp-block-buttons is-layout-flex wp-block-buttons-is-layout-flex\">\n<div class=\"wp-block-button\"><a class=\"wp-block-button__link wp-element-button\" href=\"https:\/\/www.usbeck.eu\/fr\/products\/statif-rectangulaire-avec-bride-et-fente\/\"><em>En savoir plus<\/em><\/a><\/div>\n<\/div>\n<\/div>\n<\/div>\n","protected":false},"excerpt":{"rendered":"<p>D\u00e9couvrez nos derni\u00e8res nouveaut\u00e9s : cinq produits innovants issus de notre propre fabrication, alliant design, fonctionnalit\u00e9 et qualit\u00e9. Noix \u00e0 une main &#8211; EasySlide La &#8230;<\/p>\n","protected":false},"author":1,"featured_media":0,"parent":0,"menu_order":0,"comment_status":"closed","ping_status":"closed","template":"","meta":{"_acf_changed":false,"footnotes":""},"class_list":["post-4066","page","type-page","status-publish","hentry"],"acf":[],"_links":{"self":[{"href":"https:\/\/www.usbeck.eu\/fr\/wp-json\/wp\/v2\/pages\/4066","targetHints":{"allow":["GET"]}}],"collection":[{"href":"https:\/\/www.usbeck.eu\/fr\/wp-json\/wp\/v2\/pages"}],"about":[{"href":"https:\/\/www.usbeck.eu\/fr\/wp-json\/wp\/v2\/types\/page"}],"author":[{"embeddable":true,"href":"https:\/\/www.usbeck.eu\/fr\/wp-json\/wp\/v2\/users\/1"}],"replies":[{"embeddable":true,"href":"https:\/\/www.usbeck.eu\/fr\/wp-json\/wp\/v2\/comments?post=4066"}],"version-history":[{"count":9,"href":"https:\/\/www.usbeck.eu\/fr\/wp-json\/wp\/v2\/pages\/4066\/revisions"}],"predecessor-version":[{"id":4221,"href":"https:\/\/www.usbeck.eu\/fr\/wp-json\/wp\/v2\/pages\/4066\/revisions\/4221"}],"wp:attachment":[{"href":"https:\/\/www.usbeck.eu\/fr\/wp-json\/wp\/v2\/media?parent=4066"}],"curies":[{"name":"wp","href":"https:\/\/api.w.org\/{rel}","templated":true}]}}