{"id":2961,"date":"2023-03-09T11:29:06","date_gmt":"2023-03-09T10:29:06","guid":{"rendered":"https:\/\/www.usbeck.eu\/der-werkstoff-zink\/"},"modified":"2025-04-08T09:18:40","modified_gmt":"2025-04-08T07:18:40","slug":"der-werkstoff-zink","status":"publish","type":"page","link":"https:\/\/www.usbeck.eu\/fr\/der-werkstoff-zink\/","title":{"rendered":"Pourquoi le zinc moul\u00e9 sous pression\u00a0?"},"content":{"rendered":"<div class=\"wp-block-image\">\n<figure class=\"alignleft size-full\"><img loading=\"lazy\" decoding=\"async\" width=\"1200\" height=\"800\" src=\"https:\/\/www.usbeck.eu\/wp-content\/uploads\/pic_05.jpg\" alt=\"USBECK \u2013 Der Werstoff Zink\" class=\"wp-image-840\" srcset=\"https:\/\/www.usbeck.eu\/wp-content\/uploads\/pic_05.jpg 1200w, https:\/\/www.usbeck.eu\/wp-content\/uploads\/pic_05-500x333.jpg 500w, https:\/\/www.usbeck.eu\/wp-content\/uploads\/pic_05-768x512.jpg 768w\" sizes=\"auto, (max-width: 1200px) 100vw, 1200px\" \/><\/figure>\n<\/div>\n\n\n<p><\/p>\n\n\n\n<p>Nous utilisons une installation de coul\u00e9e sous pression propre \u00e0 notre entreprise pour fabriquer une grande partie de notre gamme de pinces et noix de serrage en zinc.&nbsp;<\/p>\n\n\n\n<p>L&#8217;utilisation d\u00b4articles en zinc moul\u00e9 sous pression en laboratoire a fait ses preuves.<\/p>\n\n\n\n<h3 class=\"wp-block-heading has-blue-color has-text-color\">Les avantages&nbsp;:<\/h3>\n\n\n\n<ul class=\"wp-block-list\">\n<li>Meilleure efficacit\u00e9 \u00e9nerg\u00e9tique avec un point de font bas, ex. en comparaison avec l\u2019aluminium ou de fonte mall\u00e9able<\/li>\n\n\n\n<li>Grande proportion recyclable &#8211; au moins 75&nbsp;% pour le mat\u00e9riau brut utilis\u00e9<\/li>\n\n\n\n<li>Haute stabilit\u00e9 m\u00eame pour les pi\u00e8ces \u00e0 paroi fine, ex. noix de serrage doubles<\/li>\n\n\n\n<li>Excellent rapport qualit\u00e9\/prix pour notre gamme de base<\/li>\n\n\n\n<li>Grande r\u00e9sistance \u00e0 la corrosion &#8211; protection par passivation naturelle (r\u00e9action avec de l\u2019oxyg\u00e8ne sur la surface)<\/li>\n\n\n\n<li>La r\u00e9sistance \u00e0 la corrosion peut \u00eatre am\u00e9lior\u00e9e par un rev\u00eatement en poudre ou le nickelage de la surface.<\/li>\n<\/ul>\n\n\n\n<hr class=\"wp-block-separator has-alpha-channel-opacity\"\/>\n\n\n\n<p><strong>Pour plus d&#8217;informations sur le zinc, consultez la page&nbsp;<\/strong><\/p>\n\n\n\n<p><a href=\"http:\/\/www.initiative-zink.de\/\" target=\"_blank\" rel=\"noreferrer noopener\">www.initiative-zink.de<\/a><\/p>\n\n\n\n<p>Notre gamme comportent par ailleurs des produits en acier, laitons, aluminium et acier inoxydable.<\/p>\n","protected":false},"excerpt":{"rendered":"<p>Nous utilisons une installation de coul\u00e9e sous pression propre \u00e0 notre entreprise pour fabriquer une grande partie de notre gamme de pinces et noix de &#8230;<\/p>\n","protected":false},"author":1,"featured_media":1088,"parent":0,"menu_order":0,"comment_status":"closed","ping_status":"closed","template":"","meta":{"_acf_changed":false,"footnotes":""},"class_list":["post-2961","page","type-page","status-publish","has-post-thumbnail","hentry"],"acf":[],"_links":{"self":[{"href":"https:\/\/www.usbeck.eu\/fr\/wp-json\/wp\/v2\/pages\/2961","targetHints":{"allow":["GET"]}}],"collection":[{"href":"https:\/\/www.usbeck.eu\/fr\/wp-json\/wp\/v2\/pages"}],"about":[{"href":"https:\/\/www.usbeck.eu\/fr\/wp-json\/wp\/v2\/types\/page"}],"author":[{"embeddable":true,"href":"https:\/\/www.usbeck.eu\/fr\/wp-json\/wp\/v2\/users\/1"}],"replies":[{"embeddable":true,"href":"https:\/\/www.usbeck.eu\/fr\/wp-json\/wp\/v2\/comments?post=2961"}],"version-history":[{"count":3,"href":"https:\/\/www.usbeck.eu\/fr\/wp-json\/wp\/v2\/pages\/2961\/revisions"}],"predecessor-version":[{"id":3810,"href":"https:\/\/www.usbeck.eu\/fr\/wp-json\/wp\/v2\/pages\/2961\/revisions\/3810"}],"wp:featuredmedia":[{"embeddable":true,"href":"https:\/\/www.usbeck.eu\/fr\/wp-json\/wp\/v2\/media\/1088"}],"wp:attachment":[{"href":"https:\/\/www.usbeck.eu\/fr\/wp-json\/wp\/v2\/media?parent=2961"}],"curies":[{"name":"wp","href":"https:\/\/api.w.org\/{rel}","templated":true}]}}