{"id":2956,"date":"2023-03-08T08:51:54","date_gmt":"2023-03-08T07:51:54","guid":{"rendered":"https:\/\/www.usbeck.eu\/150-jahre-usbeck-laborgeraete\/"},"modified":"2023-07-28T10:28:55","modified_gmt":"2023-07-28T08:28:55","slug":"150-jahre-usbeck-laborgeraete","status":"publish","type":"page","link":"https:\/\/www.usbeck.eu\/fr\/150-jahre-usbeck-laborgeraete\/","title":{"rendered":"USBECK &#8211; fabricant de mat\u00e9riel de laboratoire depuis plus de 150 ans"},"content":{"rendered":"<div class=\"wp-block-image\">\n<figure class=\"alignright size-large\"><img loading=\"lazy\" decoding=\"async\" width=\"1200\" height=\"434\" src=\"https:\/\/www.usbeck.eu\/wp-content\/uploads\/150-Jahre-USBECK-rot1-1200x434.jpg\" alt=\"\" class=\"wp-image-1904\" srcset=\"https:\/\/www.usbeck.eu\/wp-content\/uploads\/150-Jahre-USBECK-rot1-1200x434.jpg 1200w, https:\/\/www.usbeck.eu\/wp-content\/uploads\/150-Jahre-USBECK-rot1-500x181.jpg 500w, https:\/\/www.usbeck.eu\/wp-content\/uploads\/150-Jahre-USBECK-rot1-768x278.jpg 768w, https:\/\/www.usbeck.eu\/wp-content\/uploads\/150-Jahre-USBECK-rot1.jpg 1416w\" sizes=\"auto, (max-width: 1200px) 100vw, 1200px\" \/><\/figure>\n<\/div>\n\n\n<h4 class=\"wp-block-heading\">En 2022, la soci\u00e9t\u00e9 Usbeck a revenir sur ses <strong>150 ans d\u2019existence.<\/strong><\/h4>\n\n\n\n<p>En 1872, Carl Friedrich Usbeck a fond\u00e9 une entreprise pour la m\u00e9canique fine et le mat\u00e9riel de laboratoire \u00e0 Steinbach-Hallenberg\/Th\u00fcringen. Gr\u00e2ce \u00e0 de fr\u00e9quents s\u00e9jours \u00e0 l&#8217;\u00e9tranger, son fils Carl Oskar a pu d\u00e9velopper une client\u00e8le internationale. Ensuite, jusqu\u2019\u00e0 120&nbsp;collaborateurs se chargeaient de la fabrication de la large gamme de produits.<\/p>\n\n\n\n<p>Apr\u00e8s la 2e guerre mondiale, la soci\u00e9t\u00e9 a \u00e9t\u00e9 expropri\u00e9e du Land allemand de Th\u00fcringen. Carl Oskar et son fils Carl Friedrich Usbeck ont choisi Radevormwald pour leur nouveau d\u00e9part. Gr\u00e2ce \u00e0 l\u2019approvisionnement en gaz naturel disponible, un nouvel atelier de production a \u00e9t\u00e9 construit dans la ville. La reprise a \u00e9t\u00e9 facilit\u00e9e de mani\u00e8re significative par la liste de fournisseurs existant depuis des ann\u00e9es dans la r\u00e9gion connue pour le traitement du m\u00e9tal, liste de contacts du Bergisches Land.<\/p>\n\n\n\n<p>Pendant la p\u00e9riode suivant la guerre, les priorit\u00e9s de fabrication \u00e9taient l\u2019\u00e9quipement des \u00e9coles, des universit\u00e9s et des laboratoires industriels. La livraison de ces utilisateurs se fait encore aujourd&#8217;hui par l\u2019entreprise sp\u00e9cialis\u00e9e dans les laboratoires. Gr\u00e2ce \u00e0 la loyaut\u00e9 de ce partenaire commercial, Usbeck KG, maintenant \u00e0 sa 5e g\u00e9n\u00e9ration, peut prouver de sa fiabilit\u00e9 et de sa qualit\u00e9 Made in Germany.<\/p>\n\n\n\n<p>Avec l\u2019enthousiasme, la fiabilit\u00e9 et le potentiel de nos collaborateurs, notre entreprise a su r\u00e9pondre avec succ\u00e8s aux exigences les plus diverses au cours de ses 150 ans d\u2019existence.<\/p>\n\n\n\n<p><strong>Nous remercions sinc\u00e8rement toutes les personnes impliqu\u00e9es.<\/strong><\/p>\n","protected":false},"excerpt":{"rendered":"<p>En 2022, la soci\u00e9t\u00e9 Usbeck a revenir sur ses 150 ans d\u2019existence. En 1872, Carl Friedrich Usbeck a fond\u00e9 une entreprise pour la m\u00e9canique fine &#8230;<\/p>\n","protected":false},"author":1,"featured_media":1886,"parent":0,"menu_order":0,"comment_status":"closed","ping_status":"closed","template":"","meta":{"_acf_changed":false,"footnotes":""},"class_list":["post-2956","page","type-page","status-publish","has-post-thumbnail","hentry"],"acf":[],"_links":{"self":[{"href":"https:\/\/www.usbeck.eu\/fr\/wp-json\/wp\/v2\/pages\/2956","targetHints":{"allow":["GET"]}}],"collection":[{"href":"https:\/\/www.usbeck.eu\/fr\/wp-json\/wp\/v2\/pages"}],"about":[{"href":"https:\/\/www.usbeck.eu\/fr\/wp-json\/wp\/v2\/types\/page"}],"author":[{"embeddable":true,"href":"https:\/\/www.usbeck.eu\/fr\/wp-json\/wp\/v2\/users\/1"}],"replies":[{"embeddable":true,"href":"https:\/\/www.usbeck.eu\/fr\/wp-json\/wp\/v2\/comments?post=2956"}],"version-history":[{"count":2,"href":"https:\/\/www.usbeck.eu\/fr\/wp-json\/wp\/v2\/pages\/2956\/revisions"}],"predecessor-version":[{"id":3162,"href":"https:\/\/www.usbeck.eu\/fr\/wp-json\/wp\/v2\/pages\/2956\/revisions\/3162"}],"wp:featuredmedia":[{"embeddable":true,"href":"https:\/\/www.usbeck.eu\/fr\/wp-json\/wp\/v2\/media\/1886"}],"wp:attachment":[{"href":"https:\/\/www.usbeck.eu\/fr\/wp-json\/wp\/v2\/media?parent=2956"}],"curies":[{"name":"wp","href":"https:\/\/api.w.org\/{rel}","templated":true}]}}