{"id":2950,"date":"2023-03-09T14:13:13","date_gmt":"2023-03-09T13:13:13","guid":{"rendered":"https:\/\/www.usbeck.eu\/was-wir-tun\/"},"modified":"2023-08-21T12:24:48","modified_gmt":"2023-08-21T10:24:48","slug":"was-wir-tun","status":"publish","type":"page","link":"https:\/\/www.usbeck.eu\/fr\/was-wir-tun\/","title":{"rendered":"Nos activit\u00e9s"},"content":{"rendered":"\n<h4 class=\"wp-block-heading\">Fond\u00e9 en 1872, Usbeck, aujourd&#8217;hui \u00e0 sa 5e g\u00e9n\u00e9ration, produit du mat\u00e9riel de laboratoire en m\u00e9tal.<\/h4>\n\n\n\n<p>Depuis plus de 150&nbsp;ans, nous fournissons aux revendeurs de mat\u00e9riel de laboratoire en Allemagne et dans le monde entier, des becs \u00e0 gaz, des statifs, des \u00e9l\u00e9vateurs et divers instruments m\u00e9talliques. Nos produits sont synonymes de qualit\u00e9, durabilit\u00e9 et design.<\/p>\n\n\n\n<p><strong>Nos caract\u00e9ristiques sont la capacit\u00e9 de production \u00e9lev\u00e9e en interne avec les sp\u00e9cialit\u00e9s suivantes&nbsp;:<\/strong><\/p>\n\n\n\n<ul class=\"wp-block-list\">\n<li>Syst\u00e8me de coul\u00e9e sous pression au zinc<\/li>\n\n\n\n<li>Enl\u00e8vement des copeaux<\/li>\n\n\n\n<li>Serrurerie &amp; usinage m\u00e9canique<\/li>\n\n\n\n<li>Rev\u00eatement en poudre<\/li>\n\n\n\n<li>Installation de tribofinition<\/li>\n\n\n\n<li>Atelier de soudage<\/li>\n\n\n\n<li>Montage<\/li>\n<\/ul>\n\n\n\n<div class=\"wp-block-columns is-layout-flex wp-container-core-columns-is-layout-9d6595d7 wp-block-columns-is-layout-flex\">\n<div class=\"wp-block-column is-layout-flow wp-block-column-is-layout-flow\">\n<figure class=\"wp-block-image size-medium\"><img loading=\"lazy\" decoding=\"async\" width=\"500\" height=\"333\" src=\"https:\/\/www.usbeck.eu\/wp-content\/uploads\/pic_01-edited-500x333.jpg\" alt=\"\" class=\"wp-image-3171\" srcset=\"https:\/\/www.usbeck.eu\/wp-content\/uploads\/pic_01-edited-500x333.jpg 500w, https:\/\/www.usbeck.eu\/wp-content\/uploads\/pic_01-edited-768x512.jpg 768w, https:\/\/www.usbeck.eu\/wp-content\/uploads\/pic_01-edited.jpg 1200w\" sizes=\"auto, (max-width: 500px) 100vw, 500px\" \/><\/figure>\n<\/div>\n\n\n\n<div class=\"wp-block-column is-layout-flow wp-block-column-is-layout-flow\">\n<figure class=\"wp-block-image size-medium\"><img loading=\"lazy\" decoding=\"async\" width=\"500\" height=\"333\" src=\"https:\/\/www.usbeck.eu\/wp-content\/uploads\/pic_04-500x333.jpg\" alt=\"\" class=\"wp-image-1748\" srcset=\"https:\/\/www.usbeck.eu\/wp-content\/uploads\/pic_04-500x333.jpg 500w, https:\/\/www.usbeck.eu\/wp-content\/uploads\/pic_04-768x512.jpg 768w, https:\/\/www.usbeck.eu\/wp-content\/uploads\/pic_04.jpg 1200w\" sizes=\"auto, (max-width: 500px) 100vw, 500px\" \/><\/figure>\n<\/div>\n<\/div>\n\n\n\n<p>Nous traitons le zinc, l\u2019acier inoxydable, l\u2019acier, l\u2019aluminium et le laiton.<\/p>\n\n\n\n<div class=\"wp-block-buttons is-layout-flex wp-block-buttons-is-layout-flex\">\n<div class=\"wp-block-button\"><a class=\"wp-block-button__link wp-element-button\" href=\"https:\/\/www.usbeck.eu\/fr\/der-werkstoff-zink\/\" target=\"_blank\" rel=\"noreferrer noopener\">Plus d&#8217;infos sur le zinc<\/a><\/div>\n<\/div>\n\n\n\n<p>Notre petite \u00e9quipe comp\u00e9tente dispose de dizaines d\u2019ann\u00e9es d\u2019exp\u00e9rience dans l\u2019usinage du m\u00e9tal.<\/p>\n\n\n\n<p>Nous sommes <a href=\"https:\/\/www.usbeck.eu\/downloads\/iso-9001-zertifikat\/\">homologu\u00e9s selon la norme DIN 9001.<\/a><\/p>\n\n\n\n<p>Venez nous voir sur notre site de Radevormwald. Nous vous ferons faire une visite de notre production et trouverons une solution \u00e0 la mesure de vos besoins.<\/p>\n","protected":false},"excerpt":{"rendered":"<p>Fond\u00e9 en 1872, Usbeck, aujourd&#8217;hui \u00e0 sa 5e g\u00e9n\u00e9ration, produit du mat\u00e9riel de laboratoire en m\u00e9tal. Depuis plus de 150&nbsp;ans, nous fournissons aux revendeurs de &#8230;<\/p>\n","protected":false},"author":1,"featured_media":1745,"parent":0,"menu_order":0,"comment_status":"closed","ping_status":"closed","template":"","meta":{"_acf_changed":false,"footnotes":""},"class_list":["post-2950","page","type-page","status-publish","has-post-thumbnail","hentry"],"acf":[],"_links":{"self":[{"href":"https:\/\/www.usbeck.eu\/fr\/wp-json\/wp\/v2\/pages\/2950","targetHints":{"allow":["GET"]}}],"collection":[{"href":"https:\/\/www.usbeck.eu\/fr\/wp-json\/wp\/v2\/pages"}],"about":[{"href":"https:\/\/www.usbeck.eu\/fr\/wp-json\/wp\/v2\/types\/page"}],"author":[{"embeddable":true,"href":"https:\/\/www.usbeck.eu\/fr\/wp-json\/wp\/v2\/users\/1"}],"replies":[{"embeddable":true,"href":"https:\/\/www.usbeck.eu\/fr\/wp-json\/wp\/v2\/comments?post=2950"}],"version-history":[{"count":6,"href":"https:\/\/www.usbeck.eu\/fr\/wp-json\/wp\/v2\/pages\/2950\/revisions"}],"predecessor-version":[{"id":3458,"href":"https:\/\/www.usbeck.eu\/fr\/wp-json\/wp\/v2\/pages\/2950\/revisions\/3458"}],"wp:featuredmedia":[{"embeddable":true,"href":"https:\/\/www.usbeck.eu\/fr\/wp-json\/wp\/v2\/media\/1745"}],"wp:attachment":[{"href":"https:\/\/www.usbeck.eu\/fr\/wp-json\/wp\/v2\/media?parent=2950"}],"curies":[{"name":"wp","href":"https:\/\/api.w.org\/{rel}","templated":true}]}}