{"id":2242,"date":"2023-03-08T09:04:18","date_gmt":"2023-03-08T08:04:18","guid":{"rendered":"https:\/\/www.usbeck.eu\/unsere-brenner\/"},"modified":"2025-04-14T08:11:43","modified_gmt":"2025-04-14T06:11:43","slug":"unsere-brenner","status":"publish","type":"page","link":"https:\/\/www.usbeck.eu\/fr\/unsere-brenner\/","title":{"rendered":"Informations sur nos becs"},"content":{"rendered":"\n<p><strong>Nous sommes le leader du march\u00e9 des becs \u00e0 gaz pour les laboratoires.<\/strong><br>Notre gamme exhaustive de becs de laboratoire int\u00e8gre des becs Bunsen, Teclu et Meker. La forme du tube de bec est diff\u00e9rente selon le type de construction.<\/p>\n\n\n\n<ul class=\"wp-block-list\">\n<li>Le tube du bec Bunsen est droit. L\u2019air est aspir\u00e9 par le c\u00f4t\u00e9 et peut \u00eatre r\u00e9gul\u00e9 en d\u00e9calant le manchon d\u2019air.<\/li>\n\n\n\n<li>Le tube du bec Teclu est \u00e9largi en bas de mani\u00e8re conique. L\u2019air est aspir\u00e9 par le bas et peut \u00eatre r\u00e9gl\u00e9 pr\u00e9cis\u00e9ment avec un disque de r\u00e9gulation guid\u00e9 par filetage.<\/li>\n\n\n\n<li>Le tube du bec Meker est plus large et plus long, ce qui permet un meilleur d\u00e9bit.<\/li>\n<\/ul>\n\n\n\n<p>Nos becs sont disponibles en version gaz naturel ou propane \/ butane et peuvent \u00eatre utilis\u00e9s dans les plages de pression de gaz&nbsp;:<\/p>\n\n\n\n<ul class=\"wp-block-list\">\n<li>Gaz naturel&nbsp;: 18 \u2013 25&nbsp;mbars*<\/li>\n\n\n\n<li>Propane\/Butane&nbsp;: 47,5 &#8211; 57,5 mbars (bouteilles de gaz avec d\u00e9tendeur)<\/li>\n<\/ul>\n\n\n\n<p id=\"DIN-30665\">Usbeck propose \u00e9galement des <strong>becs tous gaz<\/strong> \u00e0 buse r\u00e9glable pouvant \u00eatre utilis\u00e9s avec du gaz naturel, du propane et du butane.<\/p>\n\n\n\n<p>Les <strong>becs \u00e0 cartouches<\/strong> fonctionnent avec une cartouche de gaz disponible aupr\u00e8s de notre soci\u00e9t\u00e9 (70&nbsp;% butane 30&nbsp;% propane), ce qui permet une utilisation mobile.<\/p>\n\n\n\n<h3 class=\"wp-block-heading has-blue-color has-text-color\">Informations sur nos becs selon la norme DIN 30665<\/h3>\n\n\n\n<p>Les becs \u00e0 gaz Usbeck sont disponibles en tant que mod\u00e8le de base et conforme \u00e0 la norme DIN 30665 \u00ab&nbsp;Br\u00fbleurs \u00e0 gaz pour laboratoires&nbsp;\u00bb.<\/p>\n\n\n<div class=\"wp-block-image\">\n<figure class=\"alignleft size-medium\"><img loading=\"lazy\" decoding=\"async\" width=\"279\" height=\"500\" src=\"https:\/\/www.usbeck.eu\/wp-content\/uploads\/1210_Flamme-1-279x500.jpg\" alt=\"\" class=\"wp-image-1062\" srcset=\"https:\/\/www.usbeck.eu\/wp-content\/uploads\/1210_Flamme-1-279x500.jpg 279w, https:\/\/www.usbeck.eu\/wp-content\/uploads\/1210_Flamme-1-671x1200.jpg 671w, https:\/\/www.usbeck.eu\/wp-content\/uploads\/1210_Flamme-1-768x1374.jpg 768w, https:\/\/www.usbeck.eu\/wp-content\/uploads\/1210_Flamme-1-858x1536.jpg 858w, https:\/\/www.usbeck.eu\/wp-content\/uploads\/1210_Flamme-1-1144x2048.jpg 1144w, https:\/\/www.usbeck.eu\/wp-content\/uploads\/1210_Flamme-1-scaled.jpg 1430w\" sizes=\"auto, (max-width: 279px) 100vw, 279px\" \/><figcaption class=\"wp-element-caption\">                                      <\/figcaption><\/figure>\n<\/div>\n\n\n<p>Les becs DIN ne conviennent pas pour couper compl\u00e8tement l\u2019arriv\u00e9e de gaz au bec de laboratoire. Une petite flamme persiste, m\u00eame lorsque le robinet de gaz ou le robinet \u00e0 pointeau est ferm\u00e9 (voir Figure \u00e0 droite). Sur les becs avec veilleuse, la fonction DIN de non-coupure est fournie par la veilleuse.<\/p>\n\n\n\n<p>Les r\u00e9glementations professionnelles BGR 120 pour les laboratoires (version ao\u00fbt 2008) imposent l&#8217;utilisation de becs de laboratoire conformes \u00e0 la norme 30665*, \u00ab comme il ne doit plus y avoir de gaz sous pression dans le tuyau de gaz entre la vanne d\u2019arr\u00eat et le bec de laboratoire apr\u00e8s l\u2019arr\u00eat du bec \u00bb. L&#8217;utilisateur est tenu de couper l\u2019alimentation en gaz pour le bec au niveau de l\u2019arr\u00eat stationnaire central prescrit dans le laboratoire. L\u2019\u00e9ventuel gaz restant dans le tuyau est br\u00fbl\u00e9 de cette mani\u00e8re.<\/p>\n\n\n\n<p>Nos becs selon DIN 30665 sont certifi\u00e9s par le syndicat allemand des professionnels Gaz et Eau (DVGW) et sont soumis \u00e0 des contr\u00f4les r\u00e9guliers.<\/p>\n\n\n\n<p><strong>Les becs de laboratoire n\u2019entrent pas dans le champ de la directive UE pour les appareils \u00e0 gaz (EU) 2016\/426 et en cons\u00e9quence, ne sont pas \u00e9ligibles au label CE.<\/strong><\/p>\n\n\n\n<p class=\"has-small-font-size\">* Notez que les rapports de pression de gaz ainsi que la l\u00e9gislation dans les diff\u00e9rents pays peuvent diverger des normes allemandes et doivent \u00eatre pris en compte par le responsable de la mise sur le march\u00e9. Nous vous proposons avec plaisir les fabrications sp\u00e9ciales en r\u00e9sultant.<\/p>\n","protected":false},"excerpt":{"rendered":"<p>Nous sommes le leader du march\u00e9 des becs \u00e0 gaz pour les laboratoires.Notre gamme exhaustive de becs de laboratoire int\u00e8gre des becs Bunsen, Teclu et &#8230;<\/p>\n","protected":false},"author":1,"featured_media":1898,"parent":0,"menu_order":0,"comment_status":"closed","ping_status":"closed","template":"","meta":{"_acf_changed":false,"footnotes":""},"class_list":["post-2242","page","type-page","status-publish","has-post-thumbnail","hentry"],"acf":[],"_links":{"self":[{"href":"https:\/\/www.usbeck.eu\/fr\/wp-json\/wp\/v2\/pages\/2242","targetHints":{"allow":["GET"]}}],"collection":[{"href":"https:\/\/www.usbeck.eu\/fr\/wp-json\/wp\/v2\/pages"}],"about":[{"href":"https:\/\/www.usbeck.eu\/fr\/wp-json\/wp\/v2\/types\/page"}],"author":[{"embeddable":true,"href":"https:\/\/www.usbeck.eu\/fr\/wp-json\/wp\/v2\/users\/1"}],"replies":[{"embeddable":true,"href":"https:\/\/www.usbeck.eu\/fr\/wp-json\/wp\/v2\/comments?post=2242"}],"version-history":[{"count":5,"href":"https:\/\/www.usbeck.eu\/fr\/wp-json\/wp\/v2\/pages\/2242\/revisions"}],"predecessor-version":[{"id":3826,"href":"https:\/\/www.usbeck.eu\/fr\/wp-json\/wp\/v2\/pages\/2242\/revisions\/3826"}],"wp:featuredmedia":[{"embeddable":true,"href":"https:\/\/www.usbeck.eu\/fr\/wp-json\/wp\/v2\/media\/1898"}],"wp:attachment":[{"href":"https:\/\/www.usbeck.eu\/fr\/wp-json\/wp\/v2\/media?parent=2242"}],"curies":[{"name":"wp","href":"https:\/\/api.w.org\/{rel}","templated":true}]}}