{"id":1952,"date":"2023-03-14T15:53:35","date_gmt":"2023-03-14T14:53:35","guid":{"rendered":"https:\/\/www.usbeck.eu\/sonderanfertigungen\/"},"modified":"2025-05-19T10:03:57","modified_gmt":"2025-05-19T08:03:57","slug":"sonderanfertigungen","status":"publish","type":"page","link":"https:\/\/www.usbeck.eu\/fr\/sonderanfertigungen\/","title":{"rendered":"Fabrications sp\u00e9ciales"},"content":{"rendered":"\n<h5 class=\"wp-block-heading\"><strong>Vous ne trouvez pas de r\u00e9ponse \u00e0 vos attentes dans notre gamme?<\/strong><\/h5>\n\n\n\n<p>Parlez-en nous!<br>Nous proposons de nombreuses fabrications sp\u00e9ciales sur demande.<\/p>\n\n\n\n<p>Notre comp\u00e9tence particuli\u00e8re r\u00e9side dans le domaine de l&#8217;enl\u00e8vement de copeaux CNC. Notre parc de machines modernes comprend divers tours longs et courts avec jusqu&#8217;\u00e0 9 axes, y compris l&#8217;usinage arri\u00e8re permettant de gagner du temps et des outils entra\u00een\u00e9s.<\/p>\n\n\n\n<p>Nous fabriquons pour vous :<\/p>\n\n\n\n<ul class=\"wp-block-list\">\n<li><code>Pi\u00e8ces tourn\u00e9es complexes de 5 \u00e0 42 mm de diam\u00e8tre en laiton, aluminium, acier inoxydable ou acier<\/code><\/li>\n\n\n\n<li>Pi\u00e8ces longues jusqu&#8217;\u00e0 320 mm de longueur d&#8217;usinage sans reprise et jusqu&#8217;\u00e0 1500 mm avec reprise<\/li>\n\n\n\n<li>Pi\u00e8ces d&#8217;insertion avec \u00e9quipement robotis\u00e9 jusqu&#8217;\u00e0 200 mm de diam\u00e8tre<\/li>\n<\/ul>\n\n\n\n<p>Nos autres points forts: <\/p>\n\n\n\n<p><\/p>\n\n\n\n<ul class=\"wp-block-list\">\n<li><code>Sous-ensembles m\u00e9talliques pour tous les secteurs<\/code><\/li>\n\n\n\n<li>Pi\u00e8ces en zinc moul\u00e9 sous pression, y compris usinage m\u00e9canique et rev\u00eatement par poudre<\/li>\n\n\n\n<li>Appareils de laboratoire individuels<\/li>\n\n\n\n<li>Fabrication de br\u00fbleurs selon des normes sp\u00e9ciales, par exemple DIN 50051, ASTM 5025 (br\u00fbleurs Tirrill), EN 60332, EN 60695, etc.<\/li>\n<\/ul>\n\n\n\n<p>Veuillez nous fournir un \u00e9chantillon, un dessin ou une esquisse d&#8217;id\u00e9e du produit que vous souhaitez. Notre \u00e9quipe trouvera une solution.<\/p>\n\n\n\n<p>Nous nous r\u00e9jouissons de <a href=\"mailto:info@usbeck.eu\" target=\"_blank\" rel=\"noreferrer noopener\">votre demande.<\/a><\/p>\n\n\n\n<p>\u00c0 propos : nous pouvons adapter les dimensions de nombreux articles de notre catalogue. Nous vous proposons \u00e9galement volontiers des vis, des per\u00e7ages, des filetages, etc. alternatifs sur demande. N&#8217;h\u00e9sitez pas \u00e0 nous contacter. C\u2019est avec plaisir que nous mettrons au point avec vous votre solution individualis\u00e9e.<\/p>\n\n\n\n<p><\/p>\n","protected":false},"excerpt":{"rendered":"<p>Vous ne trouvez pas de r\u00e9ponse \u00e0 vos attentes dans notre gamme? Parlez-en nous!Nous proposons de nombreuses fabrications sp\u00e9ciales sur demande. Notre comp\u00e9tence particuli\u00e8re r\u00e9side &#8230;<\/p>\n","protected":false},"author":1,"featured_media":1892,"parent":0,"menu_order":0,"comment_status":"closed","ping_status":"closed","template":"","meta":{"_acf_changed":false,"footnotes":""},"class_list":["post-1952","page","type-page","status-publish","has-post-thumbnail","hentry"],"acf":[],"_links":{"self":[{"href":"https:\/\/www.usbeck.eu\/fr\/wp-json\/wp\/v2\/pages\/1952","targetHints":{"allow":["GET"]}}],"collection":[{"href":"https:\/\/www.usbeck.eu\/fr\/wp-json\/wp\/v2\/pages"}],"about":[{"href":"https:\/\/www.usbeck.eu\/fr\/wp-json\/wp\/v2\/types\/page"}],"author":[{"embeddable":true,"href":"https:\/\/www.usbeck.eu\/fr\/wp-json\/wp\/v2\/users\/1"}],"replies":[{"embeddable":true,"href":"https:\/\/www.usbeck.eu\/fr\/wp-json\/wp\/v2\/comments?post=1952"}],"version-history":[{"count":5,"href":"https:\/\/www.usbeck.eu\/fr\/wp-json\/wp\/v2\/pages\/1952\/revisions"}],"predecessor-version":[{"id":3853,"href":"https:\/\/www.usbeck.eu\/fr\/wp-json\/wp\/v2\/pages\/1952\/revisions\/3853"}],"wp:featuredmedia":[{"embeddable":true,"href":"https:\/\/www.usbeck.eu\/fr\/wp-json\/wp\/v2\/media\/1892"}],"wp:attachment":[{"href":"https:\/\/www.usbeck.eu\/fr\/wp-json\/wp\/v2\/media?parent=1952"}],"curies":[{"name":"wp","href":"https:\/\/api.w.org\/{rel}","templated":true}]}}