{"id":1922,"date":"2023-03-03T11:25:57","date_gmt":"2023-03-03T10:25:57","guid":{"rendered":"https:\/\/www.usbeck.eu\/willkommen\/"},"modified":"2025-04-14T08:49:21","modified_gmt":"2025-04-14T06:49:21","slug":"willkommen","status":"publish","type":"page","link":"https:\/\/www.usbeck.eu\/fr\/willkommen\/","title":{"rendered":"Bienvenue chez USBECK"},"content":{"rendered":"\n<p>Depuis 1872, Usbeck produit des articles m\u00e9talliques haute qualit\u00e9 pour<\/p>\n\n\n\n<ul class=\"wp-block-list\">\n<li>Les laboratoires<\/li>\n\n\n\n<li>Les \u00e9coles<\/li>\n\n\n\n<li>Les universit\u00e9s<\/li>\n\n\n\n<li>Les pharmacies<\/li>\n\n\n\n<li>Le secteur dentaire<\/li>\n\n\n\n<li>Diff\u00e9rentes branches de l\u2019industrie<\/li>\n<\/ul>\n\n\n\n<p>Nous sommes leader sur le march\u00e9 des br\u00fbleurs \u00e0 gaz et des articles de laboratoire en m\u00e9tal.<\/p>\n\n\n\n<p>En tant que petite entreprise familiale, nous trouvons une solution \u00e0 vos besoins particuliers, de mani\u00e8re comp\u00e9tente, flexible et sans complications.<\/p>\n\n\n\n<p>Au plaisir de vous accueillir.<\/p>\n\n\n\n<p><\/p>\n","protected":false},"excerpt":{"rendered":"<p>Depuis 1872, Usbeck produit des articles m\u00e9talliques haute qualit\u00e9 pour Nous sommes leader sur le march\u00e9 des br\u00fbleurs \u00e0 gaz et des articles de laboratoire &#8230;<\/p>\n","protected":false},"author":1,"featured_media":1892,"parent":0,"menu_order":0,"comment_status":"closed","ping_status":"closed","template":"","meta":{"_acf_changed":false,"footnotes":""},"class_list":["post-1922","page","type-page","status-publish","has-post-thumbnail","hentry"],"acf":[],"_links":{"self":[{"href":"https:\/\/www.usbeck.eu\/fr\/wp-json\/wp\/v2\/pages\/1922","targetHints":{"allow":["GET"]}}],"collection":[{"href":"https:\/\/www.usbeck.eu\/fr\/wp-json\/wp\/v2\/pages"}],"about":[{"href":"https:\/\/www.usbeck.eu\/fr\/wp-json\/wp\/v2\/types\/page"}],"author":[{"embeddable":true,"href":"https:\/\/www.usbeck.eu\/fr\/wp-json\/wp\/v2\/users\/1"}],"replies":[{"embeddable":true,"href":"https:\/\/www.usbeck.eu\/fr\/wp-json\/wp\/v2\/comments?post=1922"}],"version-history":[{"count":3,"href":"https:\/\/www.usbeck.eu\/fr\/wp-json\/wp\/v2\/pages\/1922\/revisions"}],"predecessor-version":[{"id":3839,"href":"https:\/\/www.usbeck.eu\/fr\/wp-json\/wp\/v2\/pages\/1922\/revisions\/3839"}],"wp:featuredmedia":[{"embeddable":true,"href":"https:\/\/www.usbeck.eu\/fr\/wp-json\/wp\/v2\/media\/1892"}],"wp:attachment":[{"href":"https:\/\/www.usbeck.eu\/fr\/wp-json\/wp\/v2\/media?parent=1922"}],"curies":[{"name":"wp","href":"https:\/\/api.w.org\/{rel}","templated":true}]}}