{"id":4067,"date":"2025-07-11T09:20:46","date_gmt":"2025-07-11T07:20:46","guid":{"rendered":"https:\/\/www.usbeck.eu\/neuheiten\/"},"modified":"2025-07-29T16:00:15","modified_gmt":"2025-07-29T14:00:15","slug":"neuheiten","status":"publish","type":"page","link":"https:\/\/www.usbeck.eu\/es\/neuheiten\/","title":{"rendered":"Las novedades de USBECK"},"content":{"rendered":"\n<h4 class=\"wp-block-heading\">Descubra nuestras \u00faltimas novedades: cinco productos innovadores de nuestra propia fabricaci\u00f3n que combinan dise\u00f1o, funcionalidad y calidad.<\/h4>\n\n\n\n<div class=\"wp-block-columns is-layout-flex wp-container-core-columns-is-layout-9d6595d7 wp-block-columns-is-layout-flex\">\n<div class=\"wp-block-column is-vertically-aligned-center is-layout-flow wp-block-column-is-layout-flow\" style=\"flex-basis:33.33%\">\n<figure class=\"wp-block-image size-full\"><img loading=\"lazy\" decoding=\"async\" width=\"700\" height=\"910\" src=\"https:\/\/www.usbeck.eu\/wp-content\/uploads\/2450_hand1.jpg\" alt=\"\" class=\"wp-image-3955\" srcset=\"https:\/\/www.usbeck.eu\/wp-content\/uploads\/2450_hand1.jpg 700w, https:\/\/www.usbeck.eu\/wp-content\/uploads\/2450_hand1-385x500.jpg 385w\" sizes=\"auto, (max-width: 700px) 100vw, 700px\" \/><\/figure>\n<\/div>\n\n\n\n<div class=\"wp-block-column is-layout-flow wp-block-column-is-layout-flow\" style=\"flex-basis:66.66%\">\n<h3 class=\"wp-block-heading has-blue-color has-text-color has-link-color wp-elements-8c966f7422248f06d884ef48d6800d50\"><strong>EasySlide \u2013 Nuez de una sola mano<\/strong><\/h3>\n\n\n\n<p>La nueva nuez doble EasySlide de USBECK revoluciona el montaje de soportes en el laboratorio: gracias a un rodamiento de bolas integrado, la nuez se desliza con extrema suavidad a lo largo de la varilla \u2013 incluso durante ajustes finos.<\/p>\n\n\n\n<p>Su dise\u00f1o innovador permite un manejo r\u00e1pido, c\u00f3modo y seguro con una sola mano, lo que hace que el ajuste de altura del soporte sea mucho m\u00e1s eficiente y ergon\u00f3mico. \u00a0<\/p>\n\n\n\n<p>Los grandes tornillos moleteados de aluminio, f\u00e1ciles de agarrar, se pueden apretar con fuerza sin herramientas y garantizan una fijaci\u00f3n segura y duradera \u2013 incluso con un uso intensivo.<\/p>\n\n\n\n<div class=\"wp-block-buttons is-layout-flex wp-block-buttons-is-layout-flex\">\n<div class=\"wp-block-button\"><a class=\"wp-block-button__link wp-element-button\" href=\"https:\/\/www.usbeck.eu\/es\/products\/easyslide-nuez-doble-para-uso-con-una-mano\/\"><em>M\u00e1s informaci\u00f3n sobre EasySlide<\/em><\/a><\/div>\n<\/div>\n<\/div>\n<\/div>\n\n\n\n<hr class=\"wp-block-separator has-alpha-channel-opacity\"\/>\n\n\n\n<div class=\"wp-block-columns is-layout-flex wp-container-core-columns-is-layout-9d6595d7 wp-block-columns-is-layout-flex\">\n<div class=\"wp-block-column is-vertically-aligned-center is-layout-flow wp-block-column-is-layout-flow\" style=\"flex-basis:33.33%\">\n<figure class=\"wp-block-image size-full\"><img decoding=\"async\" src=\"https:\/\/www.usbeck.eu\/wp-content\/uploads\/2380_2386-1.jpg\" alt=\"\" class=\"wp-image-4090\"\/><\/figure>\n\n\n\n<p><\/p>\n<\/div>\n\n\n\n<div class=\"wp-block-column is-layout-flow wp-block-column-is-layout-flow\" style=\"flex-basis:66.66%\">\n<h3 class=\"wp-block-heading has-blue-color has-text-color has-link-color wp-elements-230b22304913b0c8b37dc7d6cd76422a\"><strong>Nuez doble MicroFix<br>Disponible en aluminio y acero inoxidable<\/strong><\/h3>\n\n\n\n<p>Nuestra nueva nuez doble MicroFix ofrece una soluci\u00f3n de uni\u00f3n especialmente compacta y estable para sujetar dos varillas de hasta \u00d8\u202f13\u202fmm. Ideal para espacios reducidos, como por ejemplo debajo de campanas de laboratorio o como complemento en estructuras existentes.<\/p>\n\n\n\n<p>Los pr\u00e1cticos tornillos moleteados permiten una fijaci\u00f3n r\u00e1pida a mano. Para una mayor seguridad, tambi\u00e9n se pueden apretar con una llave Allen gracias al hex\u00e1gono interior integrado en la cabeza del tornillo.<\/p>\n\n\n\n<p>Alternativ zu den R\u00e4ndelschrauben ist MicroFix auch mit Gewindestiften erh\u00e4ltlich. <\/p>\n\n\n\n<div class=\"wp-block-buttons is-layout-flex wp-block-buttons-is-layout-flex\">\n<div class=\"wp-block-button\"><a class=\"wp-block-button__link wp-element-button\" href=\"https:\/\/www.usbeck.eu\/en\/?post_type=products&amp;p=3928\"><em>M\u00e1s informaci\u00f3n sobre MicroFix Alu<\/em><\/a><\/div>\n<\/div>\n\n\n\n<div class=\"wp-block-buttons is-layout-flex wp-block-buttons-is-layout-flex\">\n<div class=\"wp-block-button\"><a class=\"wp-block-button__link wp-element-button\" href=\"https:\/\/www.usbeck.eu\/en\/?post_type=products&amp;p=3932\"><em>M\u00e1s informaci\u00f3n sobre MicroFix inox<\/em><\/a><\/div>\n<\/div>\n<\/div>\n<\/div>\n\n\n\n<hr class=\"wp-block-separator has-alpha-channel-opacity\"\/>\n\n\n\n<div class=\"wp-block-columns is-layout-flex wp-container-core-columns-is-layout-9d6595d7 wp-block-columns-is-layout-flex\">\n<div class=\"wp-block-column is-vertically-aligned-center is-layout-flow wp-block-column-is-layout-flow\" style=\"flex-basis:33.33%\">\n<figure class=\"wp-block-image size-full\"><img loading=\"lazy\" decoding=\"async\" width=\"900\" height=\"700\" src=\"https:\/\/www.usbeck.eu\/wp-content\/uploads\/2408-1.jpg\" alt=\"\" class=\"wp-image-4078\" srcset=\"https:\/\/www.usbeck.eu\/wp-content\/uploads\/2408-1.jpg 900w, https:\/\/www.usbeck.eu\/wp-content\/uploads\/2408-1-500x389.jpg 500w, https:\/\/www.usbeck.eu\/wp-content\/uploads\/2408-1-768x597.jpg 768w\" sizes=\"auto, (max-width: 900px) 100vw, 900px\" \/><\/figure>\n<\/div>\n\n\n\n<div class=\"wp-block-column is-layout-flow wp-block-column-is-layout-flow\" style=\"flex-basis:66.66%\">\n<h3 class=\"wp-block-heading has-blue-color has-text-color has-link-color wp-elements-ac945f8928f560cba117b867d88a79c4\"><strong><em>Nuez doble Alu-Maxi<\/em><\/strong><\/h3>\n\n\n\n<p>El nuevo nuez doble de aluminio de USBECK ampl\u00eda nuestra gama con una soluci\u00f3n para varillas de soporte con di\u00e1metros superiores a la media. <\/p>\n\n\n\n<p>Alu-Maxi permite sujetar varillas de hasta \u00d8 19 mm por un lado y de hasta \u00d8 24 mm por el otro.<\/p>\n\n\n\n<div class=\"wp-block-buttons is-layout-flex wp-block-buttons-is-layout-flex\">\n<div class=\"wp-block-button\"><a class=\"wp-block-button__link wp-element-button\" href=\"http:\/\/www.usbeck.eu\/products\/doppelmuffe-alu-maxi\/\"><em>M\u00e1s informaci\u00f3n sobre Alu-Maxi<\/em><\/a><\/div>\n<\/div>\n<\/div>\n<\/div>\n\n\n\n<hr class=\"wp-block-separator has-alpha-channel-opacity\"\/>\n\n\n\n<div class=\"wp-block-columns are-vertically-aligned-center is-layout-flex wp-container-core-columns-is-layout-9d6595d7 wp-block-columns-is-layout-flex\">\n<div class=\"wp-block-column is-vertically-aligned-center is-layout-flow wp-block-column-is-layout-flow\" style=\"flex-basis:33.33%\">\n<figure class=\"wp-block-image size-full\"><img loading=\"lazy\" decoding=\"async\" width=\"700\" height=\"900\" src=\"https:\/\/www.usbeck.eu\/wp-content\/uploads\/2008_stab.jpg\" alt=\"\" class=\"wp-image-4101\" srcset=\"https:\/\/www.usbeck.eu\/wp-content\/uploads\/2008_stab.jpg 700w, https:\/\/www.usbeck.eu\/wp-content\/uploads\/2008_stab-389x500.jpg 389w\" sizes=\"auto, (max-width: 700px) 100vw, 700px\" \/><\/figure>\n<\/div>\n\n\n\n<div class=\"wp-block-column is-vertically-aligned-center is-layout-flow wp-block-column-is-layout-flow\" style=\"flex-basis:66.66%\">\n<h3 class=\"wp-block-heading has-blue-color has-text-color has-link-color wp-elements-5ae8eb8bcb9062876110b0e40bbfdb62\"><strong><em>Placa de apoyo con brida y ranura<\/em><\/strong><\/h3>\n\n\n\n<p>La nueva placa de apoyo con brida de USBECK proporciona una base estable para sistemas de montaje vers\u00e1tiles. El soporte integrado para varillas cuenta con una ranura que permite sujetar placas y garantiza una mayor seguridad al fijar las varillas<em>.<\/em><\/p>\n\n\n\n<div class=\"wp-block-buttons is-layout-flex wp-block-buttons-is-layout-flex\">\n<div class=\"wp-block-button\"><a class=\"wp-block-button__link wp-element-button\" href=\"https:\/\/www.usbeck.eu\/en\/?post_type=products&amp;p=3944\"><em>M\u00e1s informaci\u00f3n<\/em><\/a><\/div>\n<\/div>\n<\/div>\n<\/div>\n","protected":false},"excerpt":{"rendered":"<p>Descubra nuestras \u00faltimas novedades: cinco productos innovadores de nuestra propia fabricaci\u00f3n que combinan dise\u00f1o, funcionalidad y calidad. EasySlide \u2013 Nuez de una sola mano La &#8230;<\/p>\n","protected":false},"author":1,"featured_media":0,"parent":0,"menu_order":0,"comment_status":"closed","ping_status":"closed","template":"","meta":{"_acf_changed":false,"footnotes":""},"class_list":["post-4067","page","type-page","status-publish","hentry"],"acf":[],"_links":{"self":[{"href":"https:\/\/www.usbeck.eu\/es\/wp-json\/wp\/v2\/pages\/4067","targetHints":{"allow":["GET"]}}],"collection":[{"href":"https:\/\/www.usbeck.eu\/es\/wp-json\/wp\/v2\/pages"}],"about":[{"href":"https:\/\/www.usbeck.eu\/es\/wp-json\/wp\/v2\/types\/page"}],"author":[{"embeddable":true,"href":"https:\/\/www.usbeck.eu\/es\/wp-json\/wp\/v2\/users\/1"}],"replies":[{"embeddable":true,"href":"https:\/\/www.usbeck.eu\/es\/wp-json\/wp\/v2\/comments?post=4067"}],"version-history":[{"count":9,"href":"https:\/\/www.usbeck.eu\/es\/wp-json\/wp\/v2\/pages\/4067\/revisions"}],"predecessor-version":[{"id":4226,"href":"https:\/\/www.usbeck.eu\/es\/wp-json\/wp\/v2\/pages\/4067\/revisions\/4226"}],"wp:attachment":[{"href":"https:\/\/www.usbeck.eu\/es\/wp-json\/wp\/v2\/media?parent=4067"}],"curies":[{"name":"wp","href":"https:\/\/api.w.org\/{rel}","templated":true}]}}