{"id":2962,"date":"2023-03-09T11:29:06","date_gmt":"2023-03-09T10:29:06","guid":{"rendered":"https:\/\/www.usbeck.eu\/der-werkstoff-zink\/"},"modified":"2025-04-08T09:19:52","modified_gmt":"2025-04-08T07:19:52","slug":"der-werkstoff-zink","status":"publish","type":"page","link":"https:\/\/www.usbeck.eu\/es\/der-werkstoff-zink\/","title":{"rendered":"\u00bfPor qu\u00e9 fundici\u00f3n a presi\u00f3n de zinc?"},"content":{"rendered":"<div class=\"wp-block-image\">\n<figure class=\"alignleft size-full\"><img loading=\"lazy\" decoding=\"async\" width=\"1200\" height=\"800\" src=\"https:\/\/www.usbeck.eu\/wp-content\/uploads\/pic_05.jpg\" alt=\"USBECK \u2013 Der Werstoff Zink\" class=\"wp-image-840\" srcset=\"https:\/\/www.usbeck.eu\/wp-content\/uploads\/pic_05.jpg 1200w, https:\/\/www.usbeck.eu\/wp-content\/uploads\/pic_05-500x333.jpg 500w, https:\/\/www.usbeck.eu\/wp-content\/uploads\/pic_05-768x512.jpg 768w\" sizes=\"auto, (max-width: 1200px) 100vw, 1200px\" \/><\/figure>\n<\/div>\n\n\n<p><\/p>\n\n\n\n<p>En nuestra propia planta de fundici\u00f3n a presi\u00f3n moldeamos gran parte de nuestra gama de bornes y manguitos, as\u00ed como piezas individuales de otros conjuntos, en zinc.&nbsp;<\/p>\n\n\n\n<p>El uso de art\u00edculos de zinc fundido a presi\u00f3n en el laboratorio ha demostrado su eficacia.<\/p>\n\n\n\n<h3 class=\"wp-block-heading has-blue-color has-text-color\">Sus ventajas son:<\/h3>\n\n\n\n<ul class=\"wp-block-list\">\n<li>Mayor eficiencia energ\u00e9tica durante la fundici\u00f3n debido a su bajo punto de fusi\u00f3n en comparaci\u00f3n con el aluminio o la fundici\u00f3n maleable, por ejemplo<\/li>\n\n\n\n<li>Alta tasa de reciclaje de al menos el 75% de la materia prima utilizada<\/li>\n\n\n\n<li>Gran estabilidad incluso con piezas de paredes finas, como manguitos dobles<\/li>\n\n\n\n<li>Excelente relaci\u00f3n precio-calidad de nuestro surtido b\u00e1sico<\/li>\n\n\n\n<li>Buena resistencia a la corrosi\u00f3n y protecci\u00f3n debido a la pasivaci\u00f3n natural (reacci\u00f3n en la superficie con el ox\u00edgeno)<\/li>\n\n\n\n<li>La resistencia a la corrosi\u00f3n puede incrementarse a\u00fan m\u00e1s con el recubrimiento en polvo o el niquelado de la superficie.<\/li>\n<\/ul>\n\n\n\n<hr class=\"wp-block-separator has-alpha-channel-opacity\"\/>\n\n\n\n<p><strong>Encontrar\u00e1 m\u00e1s informaci\u00f3n acerca del cinc aqu\u00ed:&nbsp;<\/strong><\/p>\n\n\n\n<p><a href=\"http:\/\/www.initiative-zink.de\/\" target=\"_blank\" rel=\"noreferrer noopener\">www.initiative-zink.de<\/a><\/p>\n\n\n\n<p>Adem\u00e1s, entre nuestro surtido tambi\u00e9n podr\u00e1 encontrar productos de acero, lat\u00f3n, aluminio y acero inoxidable.<\/p>\n","protected":false},"excerpt":{"rendered":"<p>En nuestra propia planta de fundici\u00f3n a presi\u00f3n moldeamos gran parte de nuestra gama de bornes y manguitos, as\u00ed como piezas individuales de otros conjuntos, &#8230;<\/p>\n","protected":false},"author":1,"featured_media":1089,"parent":0,"menu_order":0,"comment_status":"closed","ping_status":"closed","template":"","meta":{"_acf_changed":false,"footnotes":""},"class_list":["post-2962","page","type-page","status-publish","has-post-thumbnail","hentry"],"acf":[],"_links":{"self":[{"href":"https:\/\/www.usbeck.eu\/es\/wp-json\/wp\/v2\/pages\/2962","targetHints":{"allow":["GET"]}}],"collection":[{"href":"https:\/\/www.usbeck.eu\/es\/wp-json\/wp\/v2\/pages"}],"about":[{"href":"https:\/\/www.usbeck.eu\/es\/wp-json\/wp\/v2\/types\/page"}],"author":[{"embeddable":true,"href":"https:\/\/www.usbeck.eu\/es\/wp-json\/wp\/v2\/users\/1"}],"replies":[{"embeddable":true,"href":"https:\/\/www.usbeck.eu\/es\/wp-json\/wp\/v2\/comments?post=2962"}],"version-history":[{"count":3,"href":"https:\/\/www.usbeck.eu\/es\/wp-json\/wp\/v2\/pages\/2962\/revisions"}],"predecessor-version":[{"id":3811,"href":"https:\/\/www.usbeck.eu\/es\/wp-json\/wp\/v2\/pages\/2962\/revisions\/3811"}],"wp:featuredmedia":[{"embeddable":true,"href":"https:\/\/www.usbeck.eu\/es\/wp-json\/wp\/v2\/media\/1089"}],"wp:attachment":[{"href":"https:\/\/www.usbeck.eu\/es\/wp-json\/wp\/v2\/media?parent=2962"}],"curies":[{"name":"wp","href":"https:\/\/api.w.org\/{rel}","templated":true}]}}