{"id":2243,"date":"2023-03-08T09:04:18","date_gmt":"2023-03-08T08:04:18","guid":{"rendered":"https:\/\/www.usbeck.eu\/unsere-brenner\/"},"modified":"2025-04-14T08:12:13","modified_gmt":"2025-04-14T06:12:13","slug":"unsere-brenner","status":"publish","type":"page","link":"https:\/\/www.usbeck.eu\/es\/unsere-brenner\/","title":{"rendered":"Nuestros mecheros de laboratorio de Usbeck"},"content":{"rendered":"\n<p><strong>Somos l\u00edderes del mercado de quemadores de gas para laboratorio. <\/strong><br>Nuestro amplio surtido de mecheros de laboratorio abarca mecheros tipo Bunsen, Teclu y Meker. La clase de dise\u00f1o diferencia las formas del tubo del mechero.<\/p>\n\n\n\n<ul class=\"wp-block-list\">\n<li>El tubo del mechero Bunsen es recto. El aire se aspira por el lateral y puede regularse moviendo el manguito de aire.<\/li>\n\n\n\n<li>El tubo del mechero Teclu se ensancha de forma c\u00f3nica en la parte inferior. El aire se aspira desde abajo y puede regularse con precisi\u00f3n mediante una arandela reguladora roscada.<\/li>\n\n\n\n<li>El tubo del mechero Meker es m\u00e1s ancho y largo, lo que permite una mayor potencia.<\/li>\n<\/ul>\n\n\n\n<p>Todos los mecheros est\u00e1n disponibles en modelo de gas natural o gas propano\/butano y pueden funcionar en el siguiente rango de presi\u00f3n de gas:<\/p>\n\n\n\n<ul class=\"wp-block-list\">\n<li>Gas natural: 18 &#8211; 25 mbar*<\/li>\n\n\n\n<li>Gas propano\/butano: 47,5 &#8211; 57,5 mbar (en botellas de gas, usar regulador de presi\u00f3n)<\/li>\n<\/ul>\n\n\n\n<p>Como alternativa, Usbeck ofrece <strong>mecheros v\u00e1lidos para todo tipo de gas<\/strong> con boquilla ajustable que pueden aplicarse tanto para gas natural como para propano y butano.<\/p>\n\n\n\n<p id=\"DIN-30665\">Los <strong>mecheros de cartucho<\/strong> funcionan con un cartucho de gas (70% butano, 30% propano) disponible en nuestra empresa, permitiendo as\u00ed un uso independiente de la ubicaci\u00f3n.<\/p>\n\n\n\n<h3 class=\"wp-block-heading has-blue-color has-text-color\">Mecheros de conformidad con DIN 30665<\/h3>\n\n\n\n<p>Los mecheros de gas Usbeck est\u00e1n disponibles en versi\u00f3n b\u00e1sica y de conformidad con DIN&nbsp;30665 \u00abMecheros de gas para laboratorios\u00bb.<\/p>\n\n\n<div class=\"wp-block-image\">\n<figure class=\"alignleft size-medium is-resized\"><img loading=\"lazy\" decoding=\"async\" width=\"279\" height=\"500\" src=\"https:\/\/www.usbeck.eu\/wp-content\/uploads\/1210_Flamme-1-279x500.jpg\" alt=\"\" class=\"wp-image-1062\" style=\"height:348px\" srcset=\"https:\/\/www.usbeck.eu\/wp-content\/uploads\/1210_Flamme-1-279x500.jpg 279w, https:\/\/www.usbeck.eu\/wp-content\/uploads\/1210_Flamme-1-671x1200.jpg 671w, https:\/\/www.usbeck.eu\/wp-content\/uploads\/1210_Flamme-1-768x1374.jpg 768w, https:\/\/www.usbeck.eu\/wp-content\/uploads\/1210_Flamme-1-858x1536.jpg 858w, https:\/\/www.usbeck.eu\/wp-content\/uploads\/1210_Flamme-1-1144x2048.jpg 1144w, https:\/\/www.usbeck.eu\/wp-content\/uploads\/1210_Flamme-1-scaled.jpg 1430w\" sizes=\"auto, (max-width: 279px) 100vw, 279px\" \/><figcaption class=\"wp-element-caption\">                                      <\/figcaption><\/figure>\n<\/div>\n\n\n<p>En el caso de los mecheros DIN, no es posible apagar por completo el suministro de gas en el mechero de laboratorio. Por eso, sigue abierta una peque\u00f1a llama aunque el grifo de gas o la v\u00e1lvula de aguja est\u00e9n cerrados (v\u00e9ase imagen de la derecha). En el caso de mecheros con llama econ\u00f3mica, la funci\u00f3n DIN de llama abierta la proporciona la llama econ\u00f3mica.<\/p>\n\n\n\n<p>Las normas alemanas de los gremios profesionales para laboratorios, BGR 120 (versi\u00f3n de agosto de 2008), exigen el uso de mecheros de laboratorio de acuerdo con la norma 30665* \u00abya que no debe quedar gas a presi\u00f3n en la manguera de gas entre la v\u00e1lvula de cierre y el mechero de laboratorio una vez que este se haya apagado\u00bb. El usuario est\u00e1 obligado a cerrar el suministro de gas de los mecheros con la llave de bloqueo central y fija prescrita en el laboratorio. De este modo, se quema el gas residual que pudiera quedar en la manguera.<\/p>\n\n\n\n<p>Nuestros mecheros seg\u00fan DIN 30665 est\u00e1n certificados por la DVGW (asociaci\u00f3n alemana de gas y agua) y sometidos a controles regulares.<\/p>\n\n\n\n<p><strong><strong>Los mecheros de laboratorio no est\u00e1n contemplados dentro de la Directiva UE de dispositivos de gas (EU) 2016\/426 y, por lo tanto, carecen de la marca CE.<\/strong><\/strong><\/p>\n\n\n\n<p class=\"has-small-font-size\">*Las condiciones de gas de presi\u00f3n espec\u00edficas y los requisitos legales del pa\u00eds pueden diferir de los est\u00e1ndares alemanes y el distribuidor deber\u00e1 tenerlos en cuenta. Estaremos encantados de ofrecerle dise\u00f1os especiales si nos lo solicita.<\/p>\n","protected":false},"excerpt":{"rendered":"<p>Somos l\u00edderes del mercado de quemadores de gas para laboratorio. Nuestro amplio surtido de mecheros de laboratorio abarca mecheros tipo Bunsen, Teclu y Meker. La &#8230;<\/p>\n","protected":false},"author":1,"featured_media":1899,"parent":0,"menu_order":0,"comment_status":"closed","ping_status":"closed","template":"","meta":{"_acf_changed":false,"footnotes":""},"class_list":["post-2243","page","type-page","status-publish","has-post-thumbnail","hentry"],"acf":[],"_links":{"self":[{"href":"https:\/\/www.usbeck.eu\/es\/wp-json\/wp\/v2\/pages\/2243","targetHints":{"allow":["GET"]}}],"collection":[{"href":"https:\/\/www.usbeck.eu\/es\/wp-json\/wp\/v2\/pages"}],"about":[{"href":"https:\/\/www.usbeck.eu\/es\/wp-json\/wp\/v2\/types\/page"}],"author":[{"embeddable":true,"href":"https:\/\/www.usbeck.eu\/es\/wp-json\/wp\/v2\/users\/1"}],"replies":[{"embeddable":true,"href":"https:\/\/www.usbeck.eu\/es\/wp-json\/wp\/v2\/comments?post=2243"}],"version-history":[{"count":3,"href":"https:\/\/www.usbeck.eu\/es\/wp-json\/wp\/v2\/pages\/2243\/revisions"}],"predecessor-version":[{"id":3827,"href":"https:\/\/www.usbeck.eu\/es\/wp-json\/wp\/v2\/pages\/2243\/revisions\/3827"}],"wp:featuredmedia":[{"embeddable":true,"href":"https:\/\/www.usbeck.eu\/es\/wp-json\/wp\/v2\/media\/1899"}],"wp:attachment":[{"href":"https:\/\/www.usbeck.eu\/es\/wp-json\/wp\/v2\/media?parent=2243"}],"curies":[{"name":"wp","href":"https:\/\/api.w.org\/{rel}","templated":true}]}}