{"id":2235,"date":"2023-03-08T11:59:39","date_gmt":"2023-03-08T10:59:39","guid":{"rendered":"https:\/\/www.usbeck.eu\/din-norm-30665\/"},"modified":"2023-06-19T12:43:04","modified_gmt":"2023-06-19T10:43:04","slug":"din-norm-30665","status":"publish","type":"page","link":"https:\/\/www.usbeck.eu\/en\/din-norm-30665\/","title":{"rendered":"ENGLISH \u2013 DIN-Norm 30665 \u201eGasbrenner f\u00fcr Laboratorien\u201c"},"content":{"rendered":"\n<p><strong>Usbeck Laborbrenner sind in zwei Ausf\u00fchrungen erh\u00e4ltlich:<\/strong><\/p>\n\n\n\n<ol class=\"wp-block-list\">\n<li>Laborbrenner nach DIN-Norm 30665 \u201eGasbrenner f\u00fcr Laboratorien\u201c<\/li>\n\n\n\n<li>Laborbrenner Basisausf\u00fchrung<\/li>\n<\/ol>\n\n\n\n<p>Die sicherheitstechnische Grundausstattung beider Laborbrennerprogramme beinhaltet die Verwendung gesicherter Nadelventile bzw. selbstsichernder Gash\u00e4hne, zugelassener Dichtmittel sowie entsprechender Schlaucht\u00fcllen.<\/p>\n\n\n\n<p>Die Laborbrenner in der DIN Ausf\u00fchrung (1) unterscheiden sich von den Laborbrennern der Basisausf\u00fchrung (2) durch folgende Merkmale:<\/p>\n\n\n\n<ul class=\"wp-block-list\">\n<li>Nadelventil und Gashahn erm\u00f6glichen nur die Regelung der Gaszufuhr zwischen Minimal- und Maximalstellung. Ein vollst\u00e4ndiges Abstellen der Gaszufuhr am Laborbrenner ist nicht m\u00f6glich. Daher brennt auch bei geschlossenem Gashahn bzw. Nadelventil eine kleine Flamme weiter (siehe Abbildung rechts). Der Anwender ist gezwungen, die Gaszufuhr f\u00fcr die Laborbrenner an der im Labor vorgeschriebenen zentralen, station\u00e4ren Absperrung abzustellen.<\/li>\n\n\n\n<li>Laborbrenner mit regulierbarer Sparflamme sind nicht gestattet.<\/li>\n<\/ul>\n\n\n\n<p>Die Berufsgenossenschaftlichen Regeln BGR 120 f\u00fcr Laboratorien (Fassung August 2008) verlangen die Verwendung von Laborbrennern entsprechend der Norm 30665.<\/p>\n\n\n\n<p>Die Existenz gegebenenfalls abweichender nationaler Vorschriften in Anwendungsl\u00e4ndern ist vom Inverkehrbringer zu pr\u00fcfen und zu ber\u00fccksichtigen.<\/p>\n\n\n\n<p><strong>Laborbrenner fallen nicht in den Bereich der EU-Richtlinie f\u00fcr Gasverbrauchseinrichtungen (EU) 2016\/426 und k\u00f6nnen daher kein CE-Zeichen f\u00fchren.<\/strong><\/p>\n","protected":false},"excerpt":{"rendered":"<p>Usbeck Laborbrenner sind in zwei Ausf\u00fchrungen erh\u00e4ltlich: Die sicherheitstechnische Grundausstattung beider Laborbrennerprogramme beinhaltet die Verwendung gesicherter Nadelventile bzw. selbstsichernder Gash\u00e4hne, zugelassener Dichtmittel sowie entsprechender Schlaucht\u00fcllen. &#8230;<\/p>\n","protected":false},"author":1,"featured_media":1084,"parent":0,"menu_order":0,"comment_status":"closed","ping_status":"closed","template":"","meta":{"_acf_changed":false,"footnotes":""},"class_list":["post-2235","page","type-page","status-publish","has-post-thumbnail","hentry"],"acf":[],"_links":{"self":[{"href":"https:\/\/www.usbeck.eu\/en\/wp-json\/wp\/v2\/pages\/2235","targetHints":{"allow":["GET"]}}],"collection":[{"href":"https:\/\/www.usbeck.eu\/en\/wp-json\/wp\/v2\/pages"}],"about":[{"href":"https:\/\/www.usbeck.eu\/en\/wp-json\/wp\/v2\/types\/page"}],"author":[{"embeddable":true,"href":"https:\/\/www.usbeck.eu\/en\/wp-json\/wp\/v2\/users\/1"}],"replies":[{"embeddable":true,"href":"https:\/\/www.usbeck.eu\/en\/wp-json\/wp\/v2\/comments?post=2235"}],"version-history":[{"count":1,"href":"https:\/\/www.usbeck.eu\/en\/wp-json\/wp\/v2\/pages\/2235\/revisions"}],"predecessor-version":[{"id":2238,"href":"https:\/\/www.usbeck.eu\/en\/wp-json\/wp\/v2\/pages\/2235\/revisions\/2238"}],"wp:featuredmedia":[{"embeddable":true,"href":"https:\/\/www.usbeck.eu\/en\/wp-json\/wp\/v2\/media\/1084"}],"wp:attachment":[{"href":"https:\/\/www.usbeck.eu\/en\/wp-json\/wp\/v2\/media?parent=2235"}],"curies":[{"name":"wp","href":"https:\/\/api.w.org\/{rel}","templated":true}]}}